{"id":18138,"date":"2025-02-07T18:12:54","date_gmt":"2025-02-08T00:12:54","guid":{"rendered":"https:\/\/elpuucnoticias.com\/?page_id=18138"},"modified":"2025-02-07T18:14:28","modified_gmt":"2025-02-08T00:14:28","slug":"radio","status":"publish","type":"page","link":"https:\/\/elpuucnoticias.com\/?page_id=18138","title":{"rendered":"Radio"},"content":{"rendered":"\n<p>Escucha 24\/7 nuestra estaci\u00f3n de radio online, que emite v\u00eda ZenoRadio FM. S\u00f3lo lo mejor de la m\u00fasica regional, jarana, tropical y programas de entretenimiento como El Xeek del Mulix, U Suutukil Kaabal Maya, Olas de Jap\u00f3n y Corea del Sur, entre otros.<\/p>\n\n\n\n<!-- Inicio. radio hosting USAstreams.com html5 player -->\n<!-- Licencia: GRATIS-XDF4543ERF -->\n<iframe loading=\"lazy\" name=\"contenedorPlayer\" class=\"cuadroBordeado\" allow=\"autoplay\" width=\"320px\" height=\"105px\" marginwidth=0 marginheight=0 hspace=0 vspace=0 frameborder=0 scrolling=no  src=\"https:\/\/cp.usastreams.com\/pr2g\/APPlayerRadioHTML5.aspx?stream=http:\/\/stream.zeno.fm\/5ngw3aaa938uv&#038;fondo=05&#038;formato=mpeg&#038;color=14&#038;titulo=2&#038;autoStart=1&#038;vol=5&#038;tipo=7&#038;nombre=EL+PUUC+RADIO+ONLINE&#038;imagen=https:\/\/elpuucnoticias.com\/wp-content\/uploads\/2023\/08\/PUUC-RADIO-LOGO.jpg&#038;server=http:\/\/stream.zeno.fm\/status.xslCHUMILLASmount=\/5ngw3aaa938uv&#038;opt=metadata\"><\/iframe>\n<!-- En players responsive puede modificar el weight a sus necesidades, Por favor no modifique el resto del codigo para poder seguir ofreciendo este servicio gratis  -->\n<!-- Fin. USAstreams.com html5 player -->\n\n\n\n<p>Si el reproductor no inicia de forma autom\u00e1tica, dale click en el bot\u00f3n de Play<\/p>\n","protected":false},"excerpt":{"rendered":"<p>Escucha 24\/7 nuestra estaci\u00f3n de radio online, que emite v\u00eda ZenoRadio FM. S\u00f3lo lo mejor de la m\u00fasica<\/p>\n","protected":false},"author":1,"featured_media":0,"parent":0,"menu_order":0,"comment_status":"closed","ping_status":"closed","template":"","meta":{"_monsterinsights_skip_tracking":false,"_monsterinsights_sitenote_active":false,"_monsterinsights_sitenote_note":"","_monsterinsights_sitenote_category":0,"footnotes":""},"class_list":["post-18138","page","type-page","status-publish","hentry"],"yoast_head":"<!-- This site is optimized with the Yoast SEO plugin v18.3 - https:\/\/yoast.com\/wordpress\/plugins\/seo\/ -->\n<title>Radio - El Puuc Noticias<\/title>\n<meta name=\"robots\" content=\"index, follow, max-snippet:-1, max-image-preview:large, max-video-preview:-1\" \/>\n<link rel=\"canonical\" href=\"https:\/\/elpuucnoticias.com\/?page_id=18138\" \/>\n<meta property=\"og:locale\" content=\"es_ES\" \/>\n<meta property=\"og:type\" content=\"article\" \/>\n<meta property=\"og:title\" content=\"Radio - El Puuc Noticias\" \/>\n<meta property=\"og:description\" content=\"Escucha 24\/7 nuestra estaci\u00f3n de radio online, que emite v\u00eda ZenoRadio FM. S\u00f3lo lo mejor de la m\u00fasica\" \/>\n<meta property=\"og:url\" content=\"https:\/\/elpuucnoticias.com\/?page_id=18138\" \/>\n<meta property=\"og:site_name\" content=\"El Puuc Noticias\" \/>\n<meta property=\"article:modified_time\" content=\"2025-02-08T00:14:28+00:00\" \/>\n<meta name=\"twitter:card\" content=\"summary_large_image\" \/>\n<script type=\"application\/ld+json\" class=\"yoast-schema-graph\">{\"@context\":\"https:\/\/schema.org\",\"@graph\":[{\"@type\":\"WebSite\",\"@id\":\"https:\/\/elpuucnoticias.com\/#website\",\"url\":\"https:\/\/elpuucnoticias.com\/\",\"name\":\"El Puuc Noticias\",\"description\":\"Noticias - Entretenimiento - Deportes\",\"potentialAction\":[{\"@type\":\"SearchAction\",\"target\":{\"@type\":\"EntryPoint\",\"urlTemplate\":\"https:\/\/elpuucnoticias.com\/?s={search_term_string}\"},\"query-input\":\"required name=search_term_string\"}],\"inLanguage\":\"es\"},{\"@type\":\"WebPage\",\"@id\":\"https:\/\/elpuucnoticias.com\/?page_id=18138#webpage\",\"url\":\"https:\/\/elpuucnoticias.com\/?page_id=18138\",\"name\":\"Radio - El Puuc Noticias\",\"isPartOf\":{\"@id\":\"https:\/\/elpuucnoticias.com\/#website\"},\"datePublished\":\"2025-02-08T00:12:54+00:00\",\"dateModified\":\"2025-02-08T00:14:28+00:00\",\"breadcrumb\":{\"@id\":\"https:\/\/elpuucnoticias.com\/?page_id=18138#breadcrumb\"},\"inLanguage\":\"es\",\"potentialAction\":[{\"@type\":\"ReadAction\",\"target\":[\"https:\/\/elpuucnoticias.com\/?page_id=18138\"]}]},{\"@type\":\"BreadcrumbList\",\"@id\":\"https:\/\/elpuucnoticias.com\/?page_id=18138#breadcrumb\",\"itemListElement\":[{\"@type\":\"ListItem\",\"position\":1,\"name\":\"Portada\",\"item\":\"https:\/\/elpuucnoticias.com\/\"},{\"@type\":\"ListItem\",\"position\":2,\"name\":\"Radio\"}]}]}<\/script>\n<!-- \/ Yoast SEO plugin. -->","yoast_head_json":{"title":"Radio - El Puuc Noticias","robots":{"index":"index","follow":"follow","max-snippet":"max-snippet:-1","max-image-preview":"max-image-preview:large","max-video-preview":"max-video-preview:-1"},"canonical":"https:\/\/elpuucnoticias.com\/?page_id=18138","og_locale":"es_ES","og_type":"article","og_title":"Radio - El Puuc Noticias","og_description":"Escucha 24\/7 nuestra estaci\u00f3n de radio online, que emite v\u00eda ZenoRadio FM. S\u00f3lo lo mejor de la m\u00fasica","og_url":"https:\/\/elpuucnoticias.com\/?page_id=18138","og_site_name":"El Puuc Noticias","article_modified_time":"2025-02-08T00:14:28+00:00","twitter_card":"summary_large_image","schema":{"@context":"https:\/\/schema.org","@graph":[{"@type":"WebSite","@id":"https:\/\/elpuucnoticias.com\/#website","url":"https:\/\/elpuucnoticias.com\/","name":"El Puuc Noticias","description":"Noticias - Entretenimiento - Deportes","potentialAction":[{"@type":"SearchAction","target":{"@type":"EntryPoint","urlTemplate":"https:\/\/elpuucnoticias.com\/?s={search_term_string}"},"query-input":"required name=search_term_string"}],"inLanguage":"es"},{"@type":"WebPage","@id":"https:\/\/elpuucnoticias.com\/?page_id=18138#webpage","url":"https:\/\/elpuucnoticias.com\/?page_id=18138","name":"Radio - El Puuc Noticias","isPartOf":{"@id":"https:\/\/elpuucnoticias.com\/#website"},"datePublished":"2025-02-08T00:12:54+00:00","dateModified":"2025-02-08T00:14:28+00:00","breadcrumb":{"@id":"https:\/\/elpuucnoticias.com\/?page_id=18138#breadcrumb"},"inLanguage":"es","potentialAction":[{"@type":"ReadAction","target":["https:\/\/elpuucnoticias.com\/?page_id=18138"]}]},{"@type":"BreadcrumbList","@id":"https:\/\/elpuucnoticias.com\/?page_id=18138#breadcrumb","itemListElement":[{"@type":"ListItem","position":1,"name":"Portada","item":"https:\/\/elpuucnoticias.com\/"},{"@type":"ListItem","position":2,"name":"Radio"}]}]}},"_links":{"self":[{"href":"https:\/\/elpuucnoticias.com\/index.php?rest_route=\/wp\/v2\/pages\/18138","targetHints":{"allow":["GET"]}}],"collection":[{"href":"https:\/\/elpuucnoticias.com\/index.php?rest_route=\/wp\/v2\/pages"}],"about":[{"href":"https:\/\/elpuucnoticias.com\/index.php?rest_route=\/wp\/v2\/types\/page"}],"author":[{"embeddable":true,"href":"https:\/\/elpuucnoticias.com\/index.php?rest_route=\/wp\/v2\/users\/1"}],"replies":[{"embeddable":true,"href":"https:\/\/elpuucnoticias.com\/index.php?rest_route=%2Fwp%2Fv2%2Fcomments&post=18138"}],"version-history":[{"count":2,"href":"https:\/\/elpuucnoticias.com\/index.php?rest_route=\/wp\/v2\/pages\/18138\/revisions"}],"predecessor-version":[{"id":18141,"href":"https:\/\/elpuucnoticias.com\/index.php?rest_route=\/wp\/v2\/pages\/18138\/revisions\/18141"}],"wp:attachment":[{"href":"https:\/\/elpuucnoticias.com\/index.php?rest_route=%2Fwp%2Fv2%2Fmedia&parent=18138"}],"curies":[{"name":"wp","href":"https:\/\/api.w.org\/{rel}","templated":true}]}}