{"id":1989,"date":"2022-06-02T03:00:30","date_gmt":"2022-06-02T09:00:30","guid":{"rendered":"https:\/\/elpuucnoticias.com\/?page_id=1989"},"modified":"2022-06-02T03:12:43","modified_gmt":"2022-06-02T09:12:43","slug":"impacto-deportivo","status":"publish","type":"page","link":"https:\/\/elpuucnoticias.com\/?page_id=1989","title":{"rendered":"Impacto Deportivo"},"content":{"rendered":"\n<figure class=\"wp-block-pullquote\"><blockquote><p>Una nueva emisi\u00f3n de La Previa de Impacto Deportivo, desde El S\u00faper Rat\u00f3n, de Chucho Choo!, en Tekax Yucat\u00e1n. Presentado por Nelson Bacab, Arnulfo Peraza, Sergio \u00abLa Pulga\u00bb Chi y Amir Mex<\/p><\/blockquote><\/figure>\n\n\n<p><iframe loading=\"lazy\" src=\"https:\/\/www.facebook.com\/plugins\/video.php?height=314&#038;href=https%3A%2F%2Fwww.facebook.com%2FElPuuc%2Fvideos%2F7501084909965830%2F&#038;show_text=false&#038;width=560&#038;t=0\" width=\"560\" height=\"314\" style=\"border:none;overflow:hidden\" scrolling=\"no\" frameborder=\"0\" allowfullscreen=\"true\" allow=\"autoplay; clipboard-write; encrypted-media; picture-in-picture; web-share\" allowFullScreen=\"true\"><\/iframe><\/p>\n\n\n\n<h2 class=\"wp-block-heading\">El Resumen de Impacto Deportivo, desde Mr. Caj\u00fan, de Ticul Yucat\u00e1n<\/h2>\n\n\n<p><iframe loading=\"lazy\" src=\"https:\/\/www.facebook.com\/plugins\/video.php?height=314&#038;href=https%3A%2F%2Fwww.facebook.com%2FElPuuc%2Fvideos%2F1482588955493629%2F&#038;show_text=false&#038;width=560&#038;t=0\" width=\"560\" height=\"314\" style=\"border:none;overflow:hidden\" scrolling=\"no\" frameborder=\"0\" allowfullscreen=\"true\" allow=\"autoplay; clipboard-write; encrypted-media; picture-in-picture; web-share\" allowFullScreen=\"true\"><\/iframe><\/p>\n\n\n\n<h2 class=\"wp-block-heading\">La Previa de Impacto Deportivo, desde Maya Express de Ticul<\/h2>\n\n\n<p><iframe loading=\"lazy\" src=\"https:\/\/www.facebook.com\/plugins\/video.php?height=314&#038;href=https%3A%2F%2Fwww.facebook.com%2FElPuuc%2Fvideos%2F687215155691013%2F&#038;show_text=false&#038;width=560&#038;t=0\" width=\"560\" height=\"314\" style=\"border:none;overflow:hidden\" scrolling=\"no\" frameborder=\"0\" allowfullscreen=\"true\" allow=\"autoplay; clipboard-write; encrypted-media; picture-in-picture; web-share\" allowFullScreen=\"true\"><\/iframe><\/p>\n\n\n\n<h2 class=\"wp-block-heading\">El Resumen de Impacto Deportivo desde el consultorio de la terapeuta Paola Chi, en Ticul Yucat\u00e1n<\/h2>\n\n\n<p><iframe loading=\"lazy\" src=\"https:\/\/www.facebook.com\/plugins\/video.php?height=314&#038;href=https%3A%2F%2Fwww.facebook.com%2FElPuuc%2Fvideos%2F5416758191678061%2F&#038;show_text=false&#038;width=560&#038;t=0\" width=\"560\" height=\"314\" style=\"border:none;overflow:hidden\" scrolling=\"no\" frameborder=\"0\" allowfullscreen=\"true\" allow=\"autoplay; clipboard-write; encrypted-media; picture-in-picture; web-share\" allowFullScreen=\"true\"><\/iframe><\/p>\n","protected":false},"excerpt":{"rendered":"<p>Una nueva emisi\u00f3n de La Previa de Impacto Deportivo, desde El S\u00faper Rat\u00f3n, de Chucho Choo!, en Tekax<\/p>\n","protected":false},"author":1,"featured_media":1504,"parent":0,"menu_order":0,"comment_status":"closed","ping_status":"closed","template":"","meta":{"_monsterinsights_skip_tracking":false,"_monsterinsights_sitenote_active":false,"_monsterinsights_sitenote_note":"","_monsterinsights_sitenote_category":0,"footnotes":""},"class_list":["post-1989","page","type-page","status-publish","has-post-thumbnail","hentry"],"yoast_head":"<!-- This site is optimized with the Yoast SEO plugin v18.3 - https:\/\/yoast.com\/wordpress\/plugins\/seo\/ -->\n<title>Impacto Deportivo - El Puuc Noticias<\/title>\n<meta name=\"robots\" content=\"index, follow, max-snippet:-1, max-image-preview:large, max-video-preview:-1\" \/>\n<link rel=\"canonical\" href=\"https:\/\/elpuucnoticias.com\/?page_id=1989\" \/>\n<meta property=\"og:locale\" content=\"es_ES\" \/>\n<meta property=\"og:type\" content=\"article\" \/>\n<meta property=\"og:title\" content=\"Impacto Deportivo - El Puuc Noticias\" \/>\n<meta property=\"og:description\" content=\"Una nueva emisi\u00f3n de La Previa de Impacto Deportivo, desde El S\u00faper Rat\u00f3n, de Chucho Choo!, en Tekax\" \/>\n<meta property=\"og:url\" content=\"https:\/\/elpuucnoticias.com\/?page_id=1989\" \/>\n<meta property=\"og:site_name\" content=\"El Puuc Noticias\" \/>\n<meta property=\"article:modified_time\" content=\"2022-06-02T09:12:43+00:00\" \/>\n<meta property=\"og:image\" content=\"https:\/\/elpuucnoticias.com\/wp-content\/uploads\/2022\/05\/IMPACTO-DEPORTIVO-DISENO-NUEVO.jpg\" \/>\n\t<meta property=\"og:image:width\" content=\"1500\" \/>\n\t<meta property=\"og:image:height\" content=\"1000\" \/>\n\t<meta property=\"og:image:type\" content=\"image\/jpeg\" \/>\n<meta name=\"twitter:card\" content=\"summary_large_image\" \/>\n<meta name=\"twitter:label1\" content=\"Tiempo de lectura\" \/>\n\t<meta name=\"twitter:data1\" content=\"1 minuto\" \/>\n<script type=\"application\/ld+json\" class=\"yoast-schema-graph\">{\"@context\":\"https:\/\/schema.org\",\"@graph\":[{\"@type\":\"WebSite\",\"@id\":\"https:\/\/elpuucnoticias.com\/#website\",\"url\":\"https:\/\/elpuucnoticias.com\/\",\"name\":\"El Puuc Noticias\",\"description\":\"Noticias - Entretenimiento - Deportes\",\"potentialAction\":[{\"@type\":\"SearchAction\",\"target\":{\"@type\":\"EntryPoint\",\"urlTemplate\":\"https:\/\/elpuucnoticias.com\/?s={search_term_string}\"},\"query-input\":\"required name=search_term_string\"}],\"inLanguage\":\"es\"},{\"@type\":\"ImageObject\",\"@id\":\"https:\/\/elpuucnoticias.com\/?page_id=1989#primaryimage\",\"inLanguage\":\"es\",\"url\":\"https:\/\/elpuucnoticias.com\/wp-content\/uploads\/2022\/05\/IMPACTO-DEPORTIVO-DISENO-NUEVO.jpg\",\"contentUrl\":\"https:\/\/elpuucnoticias.com\/wp-content\/uploads\/2022\/05\/IMPACTO-DEPORTIVO-DISENO-NUEVO.jpg\",\"width\":1500,\"height\":1000},{\"@type\":\"WebPage\",\"@id\":\"https:\/\/elpuucnoticias.com\/?page_id=1989#webpage\",\"url\":\"https:\/\/elpuucnoticias.com\/?page_id=1989\",\"name\":\"Impacto Deportivo - El Puuc Noticias\",\"isPartOf\":{\"@id\":\"https:\/\/elpuucnoticias.com\/#website\"},\"primaryImageOfPage\":{\"@id\":\"https:\/\/elpuucnoticias.com\/?page_id=1989#primaryimage\"},\"datePublished\":\"2022-06-02T09:00:30+00:00\",\"dateModified\":\"2022-06-02T09:12:43+00:00\",\"breadcrumb\":{\"@id\":\"https:\/\/elpuucnoticias.com\/?page_id=1989#breadcrumb\"},\"inLanguage\":\"es\",\"potentialAction\":[{\"@type\":\"ReadAction\",\"target\":[\"https:\/\/elpuucnoticias.com\/?page_id=1989\"]}]},{\"@type\":\"BreadcrumbList\",\"@id\":\"https:\/\/elpuucnoticias.com\/?page_id=1989#breadcrumb\",\"itemListElement\":[{\"@type\":\"ListItem\",\"position\":1,\"name\":\"Portada\",\"item\":\"https:\/\/elpuucnoticias.com\/\"},{\"@type\":\"ListItem\",\"position\":2,\"name\":\"Impacto Deportivo\"}]}]}<\/script>\n<!-- \/ Yoast SEO plugin. -->","yoast_head_json":{"title":"Impacto Deportivo - El Puuc Noticias","robots":{"index":"index","follow":"follow","max-snippet":"max-snippet:-1","max-image-preview":"max-image-preview:large","max-video-preview":"max-video-preview:-1"},"canonical":"https:\/\/elpuucnoticias.com\/?page_id=1989","og_locale":"es_ES","og_type":"article","og_title":"Impacto Deportivo - El Puuc Noticias","og_description":"Una nueva emisi\u00f3n de La Previa de Impacto Deportivo, desde El S\u00faper Rat\u00f3n, de Chucho Choo!, en Tekax","og_url":"https:\/\/elpuucnoticias.com\/?page_id=1989","og_site_name":"El Puuc Noticias","article_modified_time":"2022-06-02T09:12:43+00:00","og_image":[{"width":1500,"height":1000,"url":"https:\/\/elpuucnoticias.com\/wp-content\/uploads\/2022\/05\/IMPACTO-DEPORTIVO-DISENO-NUEVO.jpg","type":"image\/jpeg"}],"twitter_card":"summary_large_image","twitter_misc":{"Tiempo de lectura":"1 minuto"},"schema":{"@context":"https:\/\/schema.org","@graph":[{"@type":"WebSite","@id":"https:\/\/elpuucnoticias.com\/#website","url":"https:\/\/elpuucnoticias.com\/","name":"El Puuc Noticias","description":"Noticias - Entretenimiento - Deportes","potentialAction":[{"@type":"SearchAction","target":{"@type":"EntryPoint","urlTemplate":"https:\/\/elpuucnoticias.com\/?s={search_term_string}"},"query-input":"required name=search_term_string"}],"inLanguage":"es"},{"@type":"ImageObject","@id":"https:\/\/elpuucnoticias.com\/?page_id=1989#primaryimage","inLanguage":"es","url":"https:\/\/elpuucnoticias.com\/wp-content\/uploads\/2022\/05\/IMPACTO-DEPORTIVO-DISENO-NUEVO.jpg","contentUrl":"https:\/\/elpuucnoticias.com\/wp-content\/uploads\/2022\/05\/IMPACTO-DEPORTIVO-DISENO-NUEVO.jpg","width":1500,"height":1000},{"@type":"WebPage","@id":"https:\/\/elpuucnoticias.com\/?page_id=1989#webpage","url":"https:\/\/elpuucnoticias.com\/?page_id=1989","name":"Impacto Deportivo - El Puuc Noticias","isPartOf":{"@id":"https:\/\/elpuucnoticias.com\/#website"},"primaryImageOfPage":{"@id":"https:\/\/elpuucnoticias.com\/?page_id=1989#primaryimage"},"datePublished":"2022-06-02T09:00:30+00:00","dateModified":"2022-06-02T09:12:43+00:00","breadcrumb":{"@id":"https:\/\/elpuucnoticias.com\/?page_id=1989#breadcrumb"},"inLanguage":"es","potentialAction":[{"@type":"ReadAction","target":["https:\/\/elpuucnoticias.com\/?page_id=1989"]}]},{"@type":"BreadcrumbList","@id":"https:\/\/elpuucnoticias.com\/?page_id=1989#breadcrumb","itemListElement":[{"@type":"ListItem","position":1,"name":"Portada","item":"https:\/\/elpuucnoticias.com\/"},{"@type":"ListItem","position":2,"name":"Impacto Deportivo"}]}]}},"_links":{"self":[{"href":"https:\/\/elpuucnoticias.com\/index.php?rest_route=\/wp\/v2\/pages\/1989","targetHints":{"allow":["GET"]}}],"collection":[{"href":"https:\/\/elpuucnoticias.com\/index.php?rest_route=\/wp\/v2\/pages"}],"about":[{"href":"https:\/\/elpuucnoticias.com\/index.php?rest_route=\/wp\/v2\/types\/page"}],"author":[{"embeddable":true,"href":"https:\/\/elpuucnoticias.com\/index.php?rest_route=\/wp\/v2\/users\/1"}],"replies":[{"embeddable":true,"href":"https:\/\/elpuucnoticias.com\/index.php?rest_route=%2Fwp%2Fv2%2Fcomments&post=1989"}],"version-history":[{"count":7,"href":"https:\/\/elpuucnoticias.com\/index.php?rest_route=\/wp\/v2\/pages\/1989\/revisions"}],"predecessor-version":[{"id":2001,"href":"https:\/\/elpuucnoticias.com\/index.php?rest_route=\/wp\/v2\/pages\/1989\/revisions\/2001"}],"wp:featuredmedia":[{"embeddable":true,"href":"https:\/\/elpuucnoticias.com\/index.php?rest_route=\/wp\/v2\/media\/1504"}],"wp:attachment":[{"href":"https:\/\/elpuucnoticias.com\/index.php?rest_route=%2Fwp%2Fv2%2Fmedia&parent=1989"}],"curies":[{"name":"wp","href":"https:\/\/api.w.org\/{rel}","templated":true}]}}